{"id":223,"date":"2024-08-14T13:12:36","date_gmt":"2024-08-14T16:12:36","guid":{"rendered":"http:\/\/xj6storage.com.br\/?page_id=223"},"modified":"2024-08-14T14:11:25","modified_gmt":"2024-08-14T17:11:25","slug":"blog","status":"publish","type":"page","link":"http:\/\/xj6storage.com.br\/?page_id=223","title":{"rendered":"Blog"},"content":{"rendered":"\t\t<div data-elementor-type=\"wp-page\" data-elementor-id=\"223\" class=\"elementor elementor-223\" data-elementor-post-type=\"page\">\n\t\t\t\t\t\t\t<div class=\"elementor-element elementor-element-ff74ed8 e-flex e-con-boxed e-con e-parent\" data-id=\"ff74ed8\" data-element_type=\"container\" data-settings=\"{&quot;background_background&quot;:&quot;gradient&quot;,&quot;content_width&quot;:&quot;boxed&quot;}\" data-core-v316-plus=\"true\">\n\t\t\t\t\t<div class=\"e-con-inner\">\n\t\t\t\t\t<\/div>\n\t\t\t\t<\/div>\n\t\t<div class=\"elementor-element elementor-element-f9e58ab e-flex e-con-boxed e-con e-parent\" data-id=\"f9e58ab\" data-element_type=\"container\" data-settings=\"{&quot;content_width&quot;:&quot;boxed&quot;}\" data-core-v316-plus=\"true\">\n\t\t\t\t\t<div class=\"e-con-inner\">\n\t\t\t\t<div class=\"elementor-element elementor-element-58cc1b3 elementor-grid-3 elementor-grid-tablet-2 elementor-grid-mobile-1 elementor-posts--thumbnail-top elementor-card-shadow-yes elementor-posts__hover-gradient elementor-widget elementor-widget-posts\" data-id=\"58cc1b3\" data-element_type=\"widget\" data-settings=\"{&quot;cards_columns&quot;:&quot;3&quot;,&quot;cards_columns_tablet&quot;:&quot;2&quot;,&quot;cards_columns_mobile&quot;:&quot;1&quot;,&quot;cards_row_gap&quot;:{&quot;unit&quot;:&quot;px&quot;,&quot;size&quot;:35,&quot;sizes&quot;:[]},&quot;cards_row_gap_tablet&quot;:{&quot;unit&quot;:&quot;px&quot;,&quot;size&quot;:&quot;&quot;,&quot;sizes&quot;:[]},&quot;cards_row_gap_mobile&quot;:{&quot;unit&quot;:&quot;px&quot;,&quot;size&quot;:&quot;&quot;,&quot;sizes&quot;:[]}}\" data-widget_type=\"posts.cards\">\n\t\t\t\t<div class=\"elementor-widget-container\">\n\t\t\t<link rel=\"stylesheet\" href=\"https:\/\/xj6storage.com.br\/wp-content\/plugins\/elementor-pro\/assets\/css\/widget-posts.min.css\">\t\t<div class=\"elementor-posts-container elementor-posts elementor-posts--skin-cards elementor-grid\">\n\t\t\t\t<article class=\"elementor-post elementor-grid-item post-357 post type-post status-publish format-standard has-post-thumbnail hentry category-sem-categoria\">\n\t\t\t<div class=\"elementor-post__card\">\n\t\t\t\t<a class=\"elementor-post__thumbnail__link\" href=\"http:\/\/xj6storage.com.br\/?p=357\" tabindex=\"-1\" ><div class=\"elementor-post__thumbnail\"><img fetchpriority=\"high\" decoding=\"async\" width=\"4000\" height=\"3000\" src=\"http:\/\/xj6storage.com.br\/wp-content\/uploads\/2024\/08\/imagem_2024-08-16_151406105.png\" class=\"attachment-full size-full wp-image-362\" alt=\"\" srcset=\"http:\/\/xj6storage.com.br\/wp-content\/uploads\/2024\/08\/imagem_2024-08-16_151406105.png 4000w, http:\/\/xj6storage.com.br\/wp-content\/uploads\/2024\/08\/imagem_2024-08-16_151406105-300x225.png 300w, http:\/\/xj6storage.com.br\/wp-content\/uploads\/2024\/08\/imagem_2024-08-16_151406105-1024x768.png 1024w, http:\/\/xj6storage.com.br\/wp-content\/uploads\/2024\/08\/imagem_2024-08-16_151406105-768x576.png 768w, http:\/\/xj6storage.com.br\/wp-content\/uploads\/2024\/08\/imagem_2024-08-16_151406105-1536x1152.png 1536w, http:\/\/xj6storage.com.br\/wp-content\/uploads\/2024\/08\/imagem_2024-08-16_151406105-2048x1536.png 2048w\" sizes=\"(max-width: 4000px) 100vw, 4000px\" \/><\/div><\/a>\n\t\t\t\t<div class=\"elementor-post__text\">\n\t\t\t\t<h3 class=\"elementor-post__title\">\n\t\t\t<a href=\"http:\/\/xj6storage.com.br\/?p=357\" >\n\t\t\t\t10 Melhores Empresas de Self Storage em S\u00e3o Paulo &#8211; SP\t\t\t<\/a>\n\t\t<\/h3>\n\t\t\t\t<div class=\"elementor-post__excerpt\">\n\t\t\t<p>Introdu\u00e7\u00e3o Procurar por um bom servi\u00e7o de self storage em S\u00e3o Paulo pode ser um desafio, principalmente considerando a variedade<\/p>\n\t\t<\/div>\n\t\t\n\t\t<a class=\"elementor-post__read-more\" href=\"http:\/\/xj6storage.com.br\/?p=357\" aria-label=\"Read more about 10 Melhores Empresas de Self Storage em S\u00e3o Paulo &#8211; SP\" tabindex=\"-1\" >\n\t\t\tContinue Lendo \u00bb\t\t<\/a>\n\n\t\t\t\t<\/div>\n\t\t\t\t<div class=\"elementor-post__meta-data\">\n\t\t\t\t\t<span class=\"elementor-post-date\">\n\t\t\t16 de agosto de 2024\t\t<\/span>\n\t\t\t\t<span class=\"elementor-post-avatar\">\n\t\t\tNenhum coment\u00e1rio\t\t<\/span>\n\t\t\t\t<\/div>\n\t\t\t\t\t<\/div>\n\t\t<\/article>\n\t\t\t\t<article class=\"elementor-post elementor-grid-item post-291 post type-post status-publish format-standard has-post-thumbnail hentry category-sem-categoria\">\n\t\t\t<div class=\"elementor-post__card\">\n\t\t\t\t<a class=\"elementor-post__thumbnail__link\" href=\"http:\/\/xj6storage.com.br\/?p=291\" tabindex=\"-1\" ><div class=\"elementor-post__thumbnail\"><img decoding=\"async\" width=\"1600\" height=\"969\" src=\"http:\/\/xj6storage.com.br\/wp-content\/uploads\/2024\/08\/imagem_2024-08-14_115204425.png\" class=\"attachment-full size-full wp-image-108\" alt=\"\" srcset=\"http:\/\/xj6storage.com.br\/wp-content\/uploads\/2024\/08\/imagem_2024-08-14_115204425.png 1600w, http:\/\/xj6storage.com.br\/wp-content\/uploads\/2024\/08\/imagem_2024-08-14_115204425-300x182.png 300w, http:\/\/xj6storage.com.br\/wp-content\/uploads\/2024\/08\/imagem_2024-08-14_115204425-1024x620.png 1024w, http:\/\/xj6storage.com.br\/wp-content\/uploads\/2024\/08\/imagem_2024-08-14_115204425-768x465.png 768w, http:\/\/xj6storage.com.br\/wp-content\/uploads\/2024\/08\/imagem_2024-08-14_115204425-1536x930.png 1536w\" sizes=\"(max-width: 1600px) 100vw, 1600px\" \/><\/div><\/a>\n\t\t\t\t<div class=\"elementor-post__text\">\n\t\t\t\t<h3 class=\"elementor-post__title\">\n\t\t\t<a href=\"http:\/\/xj6storage.com.br\/?p=291\" >\n\t\t\t\tDicas para Armazenar Seus M\u00f3veis com Seguran\u00e7a: Mantenha Seus Bens Preciosos Intactos\t\t\t<\/a>\n\t\t<\/h3>\n\t\t\t\t<div class=\"elementor-post__excerpt\">\n\t\t\t<p>Mudando de casa, reformando ou simplesmente precisando de espa\u00e7o extra? Armazenar m\u00f3veis pode ser uma solu\u00e7\u00e3o pr\u00e1tica, mas exige cuidado<\/p>\n\t\t<\/div>\n\t\t\n\t\t<a class=\"elementor-post__read-more\" href=\"http:\/\/xj6storage.com.br\/?p=291\" aria-label=\"Read more about Dicas para Armazenar Seus M\u00f3veis com Seguran\u00e7a: Mantenha Seus Bens Preciosos Intactos\" tabindex=\"-1\" >\n\t\t\tContinue Lendo \u00bb\t\t<\/a>\n\n\t\t\t\t<\/div>\n\t\t\t\t<div class=\"elementor-post__meta-data\">\n\t\t\t\t\t<span class=\"elementor-post-date\">\n\t\t\t14 de agosto de 2024\t\t<\/span>\n\t\t\t\t<span class=\"elementor-post-avatar\">\n\t\t\tNenhum coment\u00e1rio\t\t<\/span>\n\t\t\t\t<\/div>\n\t\t\t\t\t<\/div>\n\t\t<\/article>\n\t\t\t\t<article class=\"elementor-post elementor-grid-item post-279 post type-post status-publish format-standard has-post-thumbnail hentry category-sem-categoria\">\n\t\t\t<div class=\"elementor-post__card\">\n\t\t\t\t<a class=\"elementor-post__thumbnail__link\" href=\"http:\/\/xj6storage.com.br\/?p=279\" tabindex=\"-1\" ><div class=\"elementor-post__thumbnail\"><img decoding=\"async\" width=\"960\" height=\"1280\" src=\"http:\/\/xj6storage.com.br\/wp-content\/uploads\/2024\/08\/imagem_2024-08-13_164732250.png\" class=\"attachment-full size-full wp-image-65\" alt=\"\" srcset=\"http:\/\/xj6storage.com.br\/wp-content\/uploads\/2024\/08\/imagem_2024-08-13_164732250.png 960w, http:\/\/xj6storage.com.br\/wp-content\/uploads\/2024\/08\/imagem_2024-08-13_164732250-225x300.png 225w, http:\/\/xj6storage.com.br\/wp-content\/uploads\/2024\/08\/imagem_2024-08-13_164732250-768x1024.png 768w\" sizes=\"(max-width: 960px) 100vw, 960px\" \/><\/div><\/a>\n\t\t\t\t<div class=\"elementor-post__text\">\n\t\t\t\t<h3 class=\"elementor-post__title\">\n\t\t\t<a href=\"http:\/\/xj6storage.com.br\/?p=279\" >\n\t\t\t\tGuarda M\u00f3veis: O Que Voc\u00ea Precisa Saber para Fazer a Melhor Escolha\t\t\t<\/a>\n\t\t<\/h3>\n\t\t\t\t<div class=\"elementor-post__excerpt\">\n\t\t\t<p>Se voc\u00ea est\u00e1 pensando em armazenar seus m\u00f3veis de forma segura e pr\u00e1tica, escolher o servi\u00e7o de guarda m\u00f3veis certo<\/p>\n\t\t<\/div>\n\t\t\n\t\t<a class=\"elementor-post__read-more\" href=\"http:\/\/xj6storage.com.br\/?p=279\" aria-label=\"Read more about Guarda M\u00f3veis: O Que Voc\u00ea Precisa Saber para Fazer a Melhor Escolha\" tabindex=\"-1\" >\n\t\t\tContinue Lendo \u00bb\t\t<\/a>\n\n\t\t\t\t<\/div>\n\t\t\t\t<div class=\"elementor-post__meta-data\">\n\t\t\t\t\t<span class=\"elementor-post-date\">\n\t\t\t14 de agosto de 2024\t\t<\/span>\n\t\t\t\t<span class=\"elementor-post-avatar\">\n\t\t\tNenhum coment\u00e1rio\t\t<\/span>\n\t\t\t\t<\/div>\n\t\t\t\t\t<\/div>\n\t\t<\/article>\n\t\t\t\t<article class=\"elementor-post elementor-grid-item post-1 post type-post status-publish format-standard has-post-thumbnail hentry category-sem-categoria\">\n\t\t\t<div class=\"elementor-post__card\">\n\t\t\t\t<a class=\"elementor-post__thumbnail__link\" href=\"http:\/\/xj6storage.com.br\/?p=1\" tabindex=\"-1\" ><div class=\"elementor-post__thumbnail\"><img loading=\"lazy\" decoding=\"async\" width=\"1080\" height=\"1080\" src=\"http:\/\/xj6storage.com.br\/wp-content\/uploads\/2024\/08\/self-storage_xj6.jpg\" class=\"attachment-full size-full wp-image-97\" alt=\"\" srcset=\"http:\/\/xj6storage.com.br\/wp-content\/uploads\/2024\/08\/self-storage_xj6.jpg 1080w, http:\/\/xj6storage.com.br\/wp-content\/uploads\/2024\/08\/self-storage_xj6-300x300.jpg 300w, http:\/\/xj6storage.com.br\/wp-content\/uploads\/2024\/08\/self-storage_xj6-1024x1024.jpg 1024w, http:\/\/xj6storage.com.br\/wp-content\/uploads\/2024\/08\/self-storage_xj6-150x150.jpg 150w, http:\/\/xj6storage.com.br\/wp-content\/uploads\/2024\/08\/self-storage_xj6-768x768.jpg 768w\" sizes=\"(max-width: 1080px) 100vw, 1080px\" \/><\/div><\/a>\n\t\t\t\t<div class=\"elementor-post__text\">\n\t\t\t\t<h3 class=\"elementor-post__title\">\n\t\t\t<a href=\"http:\/\/xj6storage.com.br\/?p=1\" >\n\t\t\t\tSelf Storage em S\u00e3o Paulo: Conhe\u00e7a essa modalidade\t\t\t<\/a>\n\t\t<\/h3>\n\t\t\t\t<div class=\"elementor-post__excerpt\">\n\t\t\t<p>1. Introdu\u00e7\u00e3o ao Self Storage Self Storage, ou armazenamento pessoal, \u00e9 um servi\u00e7o que tem crescido exponencialmente em S\u00e3o Paulo.<\/p>\n\t\t<\/div>\n\t\t\n\t\t<a class=\"elementor-post__read-more\" href=\"http:\/\/xj6storage.com.br\/?p=1\" aria-label=\"Read more about Self Storage em S\u00e3o Paulo: Conhe\u00e7a essa modalidade\" tabindex=\"-1\" >\n\t\t\tContinue Lendo \u00bb\t\t<\/a>\n\n\t\t\t\t<\/div>\n\t\t\t\t<div class=\"elementor-post__meta-data\">\n\t\t\t\t\t<span class=\"elementor-post-date\">\n\t\t\t13 de agosto de 2024\t\t<\/span>\n\t\t\t\t<span class=\"elementor-post-avatar\">\n\t\t\t1 coment\u00e1rio\t\t<\/span>\n\t\t\t\t<\/div>\n\t\t\t\t\t<\/div>\n\t\t<\/article>\n\t\t\t\t<\/div>\n\t\t\n\t\t\t\t<\/div>\n\t\t\t\t<\/div>\n\t\t\t\t\t<\/div>\n\t\t\t\t<\/div>\n\t\t\t\t\t\t\t<\/div>\n\t\t","protected":false},"excerpt":{"rendered":"","protected":false},"author":1,"featured_media":0,"parent":0,"menu_order":0,"comment_status":"closed","ping_status":"closed","template":"","meta":{"footnotes":""},"class_list":["post-223","page","type-page","status-publish","hentry"],"_links":{"self":[{"href":"http:\/\/xj6storage.com.br\/index.php?rest_route=\/wp\/v2\/pages\/223","targetHints":{"allow":["GET"]}}],"collection":[{"href":"http:\/\/xj6storage.com.br\/index.php?rest_route=\/wp\/v2\/pages"}],"about":[{"href":"http:\/\/xj6storage.com.br\/index.php?rest_route=\/wp\/v2\/types\/page"}],"author":[{"embeddable":true,"href":"http:\/\/xj6storage.com.br\/index.php?rest_route=\/wp\/v2\/users\/1"}],"replies":[{"embeddable":true,"href":"http:\/\/xj6storage.com.br\/index.php?rest_route=%2Fwp%2Fv2%2Fcomments&post=223"}],"version-history":[{"count":7,"href":"http:\/\/xj6storage.com.br\/index.php?rest_route=\/wp\/v2\/pages\/223\/revisions"}],"predecessor-version":[{"id":290,"href":"http:\/\/xj6storage.com.br\/index.php?rest_route=\/wp\/v2\/pages\/223\/revisions\/290"}],"wp:attachment":[{"href":"http:\/\/xj6storage.com.br\/index.php?rest_route=%2Fwp%2Fv2%2Fmedia&parent=223"}],"curies":[{"name":"wp","href":"https:\/\/api.w.org\/{rel}","templated":true}]}}